{"id":2,"date":"2017-10-20T13:37:13","date_gmt":"2017-10-20T13:37:13","guid":{"rendered":"https:\/\/global-interface.de\/?page_id=2"},"modified":"2019-06-13T18:22:58","modified_gmt":"2019-06-13T18:22:58","slug":"sample-page","status":"publish","type":"page","link":"https:\/\/global-interface.de\/","title":{"rendered":""},"content":{"rendered":"<div>\n<p><strong>Herzlich willkommen auf meiner Webseite !<\/strong><\/p>\n<p><img loading=\"lazy\" decoding=\"async\" class=\"alignnone size-large wp-image-27\" src=\"https:\/\/global-interface.de\/wp-content\/uploads\/2019\/06\/Jens_Bewerbung_01-1024x731.jpg\" alt=\"\" width=\"525\" height=\"375\" srcset=\"https:\/\/global-interface.de\/wp-content\/uploads\/2019\/06\/Jens_Bewerbung_01-1024x731.jpg 1024w, https:\/\/global-interface.de\/wp-content\/uploads\/2019\/06\/Jens_Bewerbung_01-300x214.jpg 300w, https:\/\/global-interface.de\/wp-content\/uploads\/2019\/06\/Jens_Bewerbung_01-768x549.jpg 768w\" sizes=\"(max-width: 525px) 100vw, 525px\" \/><\/p>\n<\/div>\n<p><strong>Jens Kaufmann<\/strong><br \/>\nDiplom-Psychologe \/ Hypnosetherapeut \/ Heilpraktiker f\u00fcr Psychotherapie<\/p>\n<p><strong>Ihr Experte f\u00fcr:<\/strong><\/p>\n<p>\u2192 Psychologische Beratung, Hypnose und Psychotherapie<br \/>\n\u2192 Pers\u00f6nlichkeitsentwicklung<br \/>\n\u2192 Erziehungsberatung, Eltern-Coaching und ADHS<br \/>\n\u2192 Bewerbungs-Training und -Coaching<br \/>\n\u2192 Personal- und Unternehmensberatung mit Herz, Intelligenz und Zukunftsvision<\/p>\n<p>Rufen Sie mich an f\u00fcr ein unverbindliches und kostenfreies Beratungsgespr\u00e4ch<\/p>\n<p>unter 030-23477709 oder 0163-8722317<\/p>\n<p>Ich freue mich auf Ihr individuelles Anliegen und eine pers\u00f6nliche Begegnung !<\/p>\n<p>Erfahren Sie durch unsere Zusammenarbeit eine deutliche pers\u00f6nliche Entwicklung und erleben Sie h\u00f6here Lebensqualit\u00e4t auf vielen Ebenen, beispielsweise durch:<\/p>\n<p>&#8211; eine Verbesserung Ihrer Kommunikation<br \/>\n&#8211; zunehmende Freiheit von Blockaden oder \u00c4ngsten,<br \/>\n&#8211; die Erh\u00f6hung von Motivation und Zufriedenheit<br \/>\n&#8211; psychische und k\u00f6rperliche Entspannung \/ bessere Stressbew\u00e4ltigung<br \/>\n&#8211; schnelles und intuitives Finden von L\u00f6sungen f\u00fcr Konflikte oder Probleme,<br \/>\n&#8211; Symptomfreiheit bei psychischen Beschwerden,<br \/>\n&#8211; ein besseres und schnelleres Umsetzen Ihrer Ziele,<br \/>\n&#8211; den Ausbau und gezielten Einsatz Ihrer St\u00e4rken und Potenziale<br \/>\n&#8211; positive Ver\u00e4nderung von Verhaltensweisen<\/p>\n<p>&nbsp;<\/p>\n<p>Seit 2002 praktiziere ich als freier Diplom-Psychologe und Hypnosetherapeut und berate, therapiere und coache private Klienten zu allen Anliegen &#8211; zu psychologischen Fragestellungen, Problemen, Krisen und anderen Herausforderungen.<\/p>\n<p>Ich bin erfahren in der Zusammenarbeit mit Erwachsenen, Paaren, Eltern, mit Familien, Jugendlichen und Kindern.<\/p>\n<p>F\u00fcr Unternehmen und Organisationen bin ich als Psychologe in den Bereichen Personal-Beratung, Training und strategische Beratung t\u00e4tig. Ich verf\u00fcge \u00fcber vielf\u00e4ltige Erfahrungen in verschiedenen Branchen.<\/p>\n<p>&nbsp;<\/p>\n<p><strong>Private Personen berate ich bei:<\/strong><br \/>\n&#8211; Pers\u00f6nlichkeitsentwicklung und Potentialentfalung<br \/>\n&#8211; Lebenskrisen und anderen Herausforderungen<br \/>\n&#8211; Schlafst\u00f6rungen<br \/>\n&#8211; Depression, Burn-Out und Ersch\u00f6pfung<br \/>\n&#8211; ADHS<br \/>\n&#8211; \u00c4ngsten, Phobien und Panikattacken<br \/>\n&#8211; Traumatisierung und Belastung<br \/>\n&#8211; psychosomatischen Beschwerden<\/p>\n<p>\u2192 bei vielen weiteren Themen und Ihrem individuellen Anliegen.<\/p>\n<p>Hypnose l\u00e4sst sich bei nahezu allen Anliegen und Themen erfolgreich einsetzen.<\/p>\n<p>&nbsp;<\/p>\n<p><strong>Unternehmen und Organisationen berate ich bei:<\/strong><br \/>\n&#8211; der Verbesserung von Kommunikation und Konfliktmanagement<br \/>\n&#8211; Team-Entwicklung und F\u00fchrung<br \/>\n&#8211; Work-Life-Balance und Stressmanagement<br \/>\n&#8211; der Verbesserung des Wissensmanagements<br \/>\n&#8211; der Umsetzung von Massnahmen der Corporate Social Responsibility (CSR)<br \/>\n&#8211; Erh\u00f6hung der Arbeitszufriedenheit<\/p>\n<p>\u2192 bei\u00a0vielen weiteren Themen und Ihrem individuellen Anliegen<\/p>\n<p>Zudem bin ich als Dozent und Trainer f\u00fcr diverse Auftraggeber und Institute t\u00e4tig, z.B. als Ausbilder im Bereich Hypnosetherapie, Dozent f\u00fcr psychologisches Fachwissen und als Experte f\u00fcr ADHS .<\/p>\n<p>Ich arbeite mit einem integrativen und ganzheitlichen Ansatz \u2013 sowohl mit privaten Klienten als auch mit Unternehmen.<\/p>\n<p>Neben Hypnosetherapie, setze ich Entspannungsverfahren wie Meditation und autogenes Training ein. Weiterhin verwende ich Methoden aus der Verhaltenstherapie, der Tiefenpsychologie, dem NLP, der positiven Psychologie, der systemischen Therapie und viele mehr &#8211; immer individuell abgestimmt auf Ihr pers\u00f6nliches Anliegen.<\/p>\n<p>In Unternehmen setze ich Methoden der systemischen Organisations-beratung und der modernen Personal- und Strategie-Beratung ein.<\/p>\n<p>Durch mein Einf\u00fchlungsverm\u00f6gen, mein tiefes Verst\u00e4ndnis und meine ausgepr\u00e4gten analytischen F\u00e4higkeiten finden wir gemeinsam sicher schnell die passenden Methoden und Techniken f\u00fcr die L\u00f6sung Ihrer pers\u00f6nlichen Themen heraus.<\/p>\n<p>Treten Sie in Kontakt mit mir &#8211; am besten rufen Sie an f\u00fcr ein erstes kostenfreies Beratungsgespr\u00e4ch, in dem Sie Ihr Anliegen schildern, wir Ihre Fragen kl\u00e4ren und L\u00f6sungswege besprechen.<\/p>\n<p>0163 -8722317 oder 030-23477709<\/p>\n<p>jens.kaufmann@global-interface.de<\/p>\n<p>&nbsp;<\/p>\n","protected":false},"excerpt":{"rendered":"<p>Herzlich willkommen auf meiner Webseite ! Jens Kaufmann Diplom-Psychologe \/ Hypnosetherapeut \/ Heilpraktiker f\u00fcr Psychotherapie Ihr Experte f\u00fcr: \u2192 Psychologische Beratung, Hypnose und Psychotherapie \u2192 Pers\u00f6nlichkeitsentwicklung \u2192 Erziehungsberatung, Eltern-Coaching und ADHS \u2192 Bewerbungs-Training und -Coaching \u2192 Personal- und Unternehmensberatung mit Herz, Intelligenz und Zukunftsvision Rufen Sie mich an f\u00fcr ein unverbindliches und kostenfreies Beratungsgespr\u00e4ch unter &hellip; <\/p>\n<p class=\"link-more\"><a href=\"https:\/\/global-interface.de\/\" class=\"more-link\"><span class=\"screen-reader-text\">\u201e\u201c<\/span> weiterlesen<\/a><\/p>\n","protected":false},"author":1,"featured_media":0,"parent":0,"menu_order":0,"comment_status":"closed","ping_status":"open","template":"","meta":{"footnotes":""},"class_list":["post-2","page","type-page","status-publish","hentry"],"_links":{"self":[{"href":"https:\/\/global-interface.de\/index.php\/wp-json\/wp\/v2\/pages\/2"}],"collection":[{"href":"https:\/\/global-interface.de\/index.php\/wp-json\/wp\/v2\/pages"}],"about":[{"href":"https:\/\/global-interface.de\/index.php\/wp-json\/wp\/v2\/types\/page"}],"author":[{"embeddable":true,"href":"https:\/\/global-interface.de\/index.php\/wp-json\/wp\/v2\/users\/1"}],"replies":[{"embeddable":true,"href":"https:\/\/global-interface.de\/index.php\/wp-json\/wp\/v2\/comments?post=2"}],"version-history":[{"count":14,"href":"https:\/\/global-interface.de\/index.php\/wp-json\/wp\/v2\/pages\/2\/revisions"}],"predecessor-version":[{"id":54,"href":"https:\/\/global-interface.de\/index.php\/wp-json\/wp\/v2\/pages\/2\/revisions\/54"}],"wp:attachment":[{"href":"https:\/\/global-interface.de\/index.php\/wp-json\/wp\/v2\/media?parent=2"}],"curies":[{"name":"wp","href":"https:\/\/api.w.org\/{rel}","templated":true}]}}